{"id":501,"date":"2013-09-23T07:18:53","date_gmt":"2013-09-23T07:18:53","guid":{"rendered":"http:\/\/web1business.com\/elit\/?page_id=501"},"modified":"2013-11-20T13:39:49","modified_gmt":"2013-11-20T13:39:49","slug":"cokollate-e-nxehte","status":"publish","type":"page","link":"https:\/\/elittecaffe.com\/sq\/produkte\/produktet-tjera\/cokollate-e-nxehte\/","title":{"rendered":"\u00c7okollat\u00eb e nxeht\u00eb"},"content":{"rendered":"<p><img loading=\"lazy\" decoding=\"async\" class=\"alignnone  wp-image-539\" alt=\"cokolado\" src=\"http:\/\/web1business.com\/elit\/wp-content\/uploads\/2013\/09\/cokolado.jpg\" width=\"576\" height=\"360\" srcset=\"https:\/\/elittecaffe.com\/wp-content\/uploads\/2013\/09\/cokolado.jpg 1600w, https:\/\/elittecaffe.com\/wp-content\/uploads\/2013\/09\/cokolado-988x617.jpg 988w\" sizes=\"auto, (max-width: 576px) 100vw, 576px\" \/><\/p>\n<p class=\"txx2\">\n<p class=\"tx2\">\u00c7okollat\u00eb e nxeht\u00eb (n\u00eb pako 100g)<\/br><br \/>\nShije e v\u00ebrtet\u00eb dhe pamja e p\u00ebrsosur \u00e7okollat\u00eb t\u00eb nxeht\u00eb se pas degusturanje par\u00eb rregullt tuaj pini at\u00eb gjat\u00eb gjith\u00eb vitit, sidomos n\u00eb dit\u00ebt e ftohta<\/p>\n","protected":false},"excerpt":{"rendered":"<p>\u00c7okollat\u00eb e nxeht\u00eb (n\u00eb pako 100g) Shije e v\u00ebrtet\u00eb dhe pamja e p\u00ebrsosur \u00e7okollat\u00eb t\u00eb nxeht\u00eb se pas degusturanje par\u00eb rregullt tuaj pini at\u00eb gjat\u00eb gjith\u00eb vitit, sidomos n\u00eb dit\u00ebt e ftohta<\/p>\n","protected":false},"author":1,"featured_media":0,"parent":487,"menu_order":3,"comment_status":"open","ping_status":"open","template":"page-full.php","meta":{"footnotes":""},"class_list":["post-501","page","type-page","status-publish","hentry"],"_links":{"self":[{"href":"https:\/\/elittecaffe.com\/sq\/wp-json\/wp\/v2\/pages\/501","targetHints":{"allow":["GET"]}}],"collection":[{"href":"https:\/\/elittecaffe.com\/sq\/wp-json\/wp\/v2\/pages"}],"about":[{"href":"https:\/\/elittecaffe.com\/sq\/wp-json\/wp\/v2\/types\/page"}],"author":[{"embeddable":true,"href":"https:\/\/elittecaffe.com\/sq\/wp-json\/wp\/v2\/users\/1"}],"replies":[{"embeddable":true,"href":"https:\/\/elittecaffe.com\/sq\/wp-json\/wp\/v2\/comments?post=501"}],"version-history":[{"count":5,"href":"https:\/\/elittecaffe.com\/sq\/wp-json\/wp\/v2\/pages\/501\/revisions"}],"predecessor-version":[{"id":1024,"href":"https:\/\/elittecaffe.com\/sq\/wp-json\/wp\/v2\/pages\/501\/revisions\/1024"}],"up":[{"embeddable":true,"href":"https:\/\/elittecaffe.com\/sq\/wp-json\/wp\/v2\/pages\/487"}],"wp:attachment":[{"href":"https:\/\/elittecaffe.com\/sq\/wp-json\/wp\/v2\/media?parent=501"}],"curies":[{"name":"wp","href":"https:\/\/api.w.org\/{rel}","templated":true}]}}