{"id":496,"date":"2013-09-23T07:15:39","date_gmt":"2013-09-23T07:15:39","guid":{"rendered":"http:\/\/web1business.com\/elit\/?page_id=496"},"modified":"2013-11-20T13:25:56","modified_gmt":"2013-11-20T13:25:56","slug":"kakao","status":"publish","type":"page","link":"https:\/\/elittecaffe.com\/sq\/produkte\/produktet-tjera\/kakao\/","title":{"rendered":"Kakao"},"content":{"rendered":"<p><img loading=\"lazy\" decoding=\"async\" class=\"alignnone  wp-image-741\" alt=\"kakao\" src=\"http:\/\/elittecaffe.com\/wp-content\/uploads\/2013\/09\/kakao.jpg\" width=\"576\" height=\"360\" srcset=\"https:\/\/elittecaffe.com\/wp-content\/uploads\/2013\/09\/kakao.jpg 1600w, https:\/\/elittecaffe.com\/wp-content\/uploads\/2013\/09\/kakao-988x617.jpg 988w\" sizes=\"auto, (max-width: 576px) 100vw, 576px\" \/><\/p>\n<p class=\"txx2\">\n<p class=\"tx2\">Kakao (n\u00eb pako 100g) <\/br><br \/>\nProdukte p\u00ebr t\u00eb gjitha brezat dhe ju thjesht nuk mund mos me e provoni at\u00eb. &#8220;Kakao Elite&#8221; p\u00ebr sot dhe p\u00ebr \u00e7do dit\u00eb.<\/p>\n","protected":false},"excerpt":{"rendered":"<p>Kakao (n\u00eb pako 100g) Produkte p\u00ebr t\u00eb gjitha brezat dhe ju thjesht nuk mund mos me e provoni at\u00eb. &#8220;Kakao Elite&#8221; p\u00ebr sot dhe p\u00ebr \u00e7do dit\u00eb.<\/p>\n","protected":false},"author":1,"featured_media":0,"parent":487,"menu_order":2,"comment_status":"open","ping_status":"open","template":"page-full.php","meta":{"footnotes":""},"class_list":["post-496","page","type-page","status-publish","hentry"],"_links":{"self":[{"href":"https:\/\/elittecaffe.com\/sq\/wp-json\/wp\/v2\/pages\/496","targetHints":{"allow":["GET"]}}],"collection":[{"href":"https:\/\/elittecaffe.com\/sq\/wp-json\/wp\/v2\/pages"}],"about":[{"href":"https:\/\/elittecaffe.com\/sq\/wp-json\/wp\/v2\/types\/page"}],"author":[{"embeddable":true,"href":"https:\/\/elittecaffe.com\/sq\/wp-json\/wp\/v2\/users\/1"}],"replies":[{"embeddable":true,"href":"https:\/\/elittecaffe.com\/sq\/wp-json\/wp\/v2\/comments?post=496"}],"version-history":[{"count":7,"href":"https:\/\/elittecaffe.com\/sq\/wp-json\/wp\/v2\/pages\/496\/revisions"}],"predecessor-version":[{"id":1020,"href":"https:\/\/elittecaffe.com\/sq\/wp-json\/wp\/v2\/pages\/496\/revisions\/1020"}],"up":[{"embeddable":true,"href":"https:\/\/elittecaffe.com\/sq\/wp-json\/wp\/v2\/pages\/487"}],"wp:attachment":[{"href":"https:\/\/elittecaffe.com\/sq\/wp-json\/wp\/v2\/media?parent=496"}],"curies":[{"name":"wp","href":"https:\/\/api.w.org\/{rel}","templated":true}]}}