{"id":492,"date":"2013-09-23T07:13:39","date_gmt":"2013-09-23T07:13:39","guid":{"rendered":"http:\/\/web1business.com\/elit\/?page_id=492"},"modified":"2013-11-20T09:48:49","modified_gmt":"2013-11-20T09:48:49","slug":"3-ne-1","status":"publish","type":"page","link":"https:\/\/elittecaffe.com\/sq\/produkte\/produktet-tjera\/3-ne-1\/","title":{"rendered":"3 n\u00eb 1"},"content":{"rendered":"<p><img loading=\"lazy\" decoding=\"async\" class=\"alignnone  wp-image-535\" alt=\"3in1\" src=\"http:\/\/web1business.com\/elit\/wp-content\/uploads\/2013\/09\/3in1.jpg\" width=\"576\" height=\"360\" srcset=\"https:\/\/elittecaffe.com\/wp-content\/uploads\/2013\/09\/3in1.jpg 1600w, https:\/\/elittecaffe.com\/wp-content\/uploads\/2013\/09\/3in1-988x617.jpg 988w\" sizes=\"auto, (max-width: 576px) 100vw, 576px\" \/><\/p>\n<p class=\"txx\">\n<p class=\"tx\">3 n\u00eb 1<\/br><br \/>\nExtra pije e shpejt\u00eb e menj\u00ebhersh\u00ebme me shije fantastike i cili \u00ebsht\u00eb mjaft i popullarizuar n\u00eb mesin e brezave t\u00eb rinj t\u00eb cil\u00ebt preferojn\u00eb rit\u00ebm t\u00eb shpejt\u00eb<\/p>\n","protected":false},"excerpt":{"rendered":"<p>3 n\u00eb 1 Extra pije e shpejt\u00eb e menj\u00ebhersh\u00ebme me shije fantastike i cili \u00ebsht\u00eb mjaft i popullarizuar n\u00eb mesin e brezave t\u00eb rinj t\u00eb cil\u00ebt preferojn\u00eb rit\u00ebm t\u00eb shpejt\u00eb<\/p>\n","protected":false},"author":1,"featured_media":0,"parent":487,"menu_order":1,"comment_status":"open","ping_status":"open","template":"page-full.php","meta":{"footnotes":""},"class_list":["post-492","page","type-page","status-publish","hentry"],"_links":{"self":[{"href":"https:\/\/elittecaffe.com\/sq\/wp-json\/wp\/v2\/pages\/492","targetHints":{"allow":["GET"]}}],"collection":[{"href":"https:\/\/elittecaffe.com\/sq\/wp-json\/wp\/v2\/pages"}],"about":[{"href":"https:\/\/elittecaffe.com\/sq\/wp-json\/wp\/v2\/types\/page"}],"author":[{"embeddable":true,"href":"https:\/\/elittecaffe.com\/sq\/wp-json\/wp\/v2\/users\/1"}],"replies":[{"embeddable":true,"href":"https:\/\/elittecaffe.com\/sq\/wp-json\/wp\/v2\/comments?post=492"}],"version-history":[{"count":5,"href":"https:\/\/elittecaffe.com\/sq\/wp-json\/wp\/v2\/pages\/492\/revisions"}],"predecessor-version":[{"id":1017,"href":"https:\/\/elittecaffe.com\/sq\/wp-json\/wp\/v2\/pages\/492\/revisions\/1017"}],"up":[{"embeddable":true,"href":"https:\/\/elittecaffe.com\/sq\/wp-json\/wp\/v2\/pages\/487"}],"wp:attachment":[{"href":"https:\/\/elittecaffe.com\/sq\/wp-json\/wp\/v2\/media?parent=492"}],"curies":[{"name":"wp","href":"https:\/\/api.w.org\/{rel}","templated":true}]}}