{"id":479,"date":"2013-09-23T07:06:18","date_gmt":"2013-09-23T07:06:18","guid":{"rendered":"http:\/\/web1business.com\/elit\/?page_id=479"},"modified":"2013-11-20T09:35:19","modified_gmt":"2013-11-20T09:35:19","slug":"lajthi","status":"publish","type":"page","link":"https:\/\/elittecaffe.com\/sq\/produkte\/akulore\/lajthi\/","title":{"rendered":"Lajthi"},"content":{"rendered":"<p><img loading=\"lazy\" decoding=\"async\" class=\"alignnone  wp-image-734\" alt=\"leshnik-ice\" src=\"http:\/\/elittecaffe.com\/wp-content\/uploads\/2013\/09\/leshnik-ice.jpg\" width=\"576\" height=\"360\" srcset=\"https:\/\/elittecaffe.com\/wp-content\/uploads\/2013\/09\/leshnik-ice.jpg 1600w, https:\/\/elittecaffe.com\/wp-content\/uploads\/2013\/09\/leshnik-ice-988x617.jpg 988w\" sizes=\"auto, (max-width: 576px) 100vw, 576px\" \/><\/p>\n<p class=\"txx2\">\n<p class=\"tx2\">Lajthi (n\u00eb pako 100g)<\/br><br \/>\n\u00cbmb\u00eblsir\u00eb e mrekullueshme p\u00ebr k\u00ebnaq\u00ebsin\u00eb tuaj. Kat\u00ebr shije t\u00eb mrekullueshme, vanilje \u00e7okollat\u00eb, lajthi, luleshtrydhe q\u00eb do t\u00eb p\u00ebrmir\u00ebsojn\u00eb disponimin tuaj <\/p>\n","protected":false},"excerpt":{"rendered":"<p>Lajthi (n\u00eb pako 100g) \u00cbmb\u00eblsir\u00eb e mrekullueshme p\u00ebr k\u00ebnaq\u00ebsin\u00eb tuaj. Kat\u00ebr shije t\u00eb mrekullueshme, vanilje \u00e7okollat\u00eb, lajthi, luleshtrydhe q\u00eb do t\u00eb p\u00ebrmir\u00ebsojn\u00eb disponimin tuaj<\/p>\n","protected":false},"author":1,"featured_media":0,"parent":467,"menu_order":3,"comment_status":"open","ping_status":"open","template":"page-full.php","meta":{"footnotes":""},"class_list":["post-479","page","type-page","status-publish","hentry"],"_links":{"self":[{"href":"https:\/\/elittecaffe.com\/sq\/wp-json\/wp\/v2\/pages\/479","targetHints":{"allow":["GET"]}}],"collection":[{"href":"https:\/\/elittecaffe.com\/sq\/wp-json\/wp\/v2\/pages"}],"about":[{"href":"https:\/\/elittecaffe.com\/sq\/wp-json\/wp\/v2\/types\/page"}],"author":[{"embeddable":true,"href":"https:\/\/elittecaffe.com\/sq\/wp-json\/wp\/v2\/users\/1"}],"replies":[{"embeddable":true,"href":"https:\/\/elittecaffe.com\/sq\/wp-json\/wp\/v2\/comments?post=479"}],"version-history":[{"count":5,"href":"https:\/\/elittecaffe.com\/sq\/wp-json\/wp\/v2\/pages\/479\/revisions"}],"predecessor-version":[{"id":1009,"href":"https:\/\/elittecaffe.com\/sq\/wp-json\/wp\/v2\/pages\/479\/revisions\/1009"}],"up":[{"embeddable":true,"href":"https:\/\/elittecaffe.com\/sq\/wp-json\/wp\/v2\/pages\/467"}],"wp:attachment":[{"href":"https:\/\/elittecaffe.com\/sq\/wp-json\/wp\/v2\/media?parent=479"}],"curies":[{"name":"wp","href":"https:\/\/api.w.org\/{rel}","templated":true}]}}