{"id":463,"date":"2013-09-23T06:58:47","date_gmt":"2013-09-23T06:58:47","guid":{"rendered":"http:\/\/web1business.com\/elit\/?page_id=463"},"modified":"2013-11-20T09:10:06","modified_gmt":"2013-11-20T09:10:06","slug":"kapucino-per-femije","status":"publish","type":"page","link":"https:\/\/elittecaffe.com\/sq\/produkte\/kapucino\/kapucino-per-femije\/","title":{"rendered":"Kapu\u00e7ino p\u00ebr f\u00ebmij\u00eb"},"content":{"rendered":"<p><img loading=\"lazy\" decoding=\"async\" class=\"alignnone  wp-image-744\" alt=\"detsko_capucino\" src=\"http:\/\/elittecaffe.com\/wp-content\/uploads\/2013\/09\/detsko_capucino1.jpg\" width=\"576\" height=\"360\" srcset=\"https:\/\/elittecaffe.com\/wp-content\/uploads\/2013\/09\/detsko_capucino1.jpg 1600w, https:\/\/elittecaffe.com\/wp-content\/uploads\/2013\/09\/detsko_capucino1-988x617.jpg 988w\" sizes=\"auto, (max-width: 576px) 100vw, 576px\" \/><\/p>\n<p class=\"txx1\">\n<p class=\"tx1\">Kapu\u00e7ino p\u00ebr f\u00ebmij\u00eb(n\u00eb pako 100g) <\/br><br \/>\nI pasur n\u00eb kalcium me t\u00eb cilen g\u00ebzohen t\u00eb rinjt\u00eb. kjo pije p\u00ebr f\u00ebmije me shije te mrekullueshme i ndihmon f\u00ebmij\u00ebt p\u00ebr t\u00eb forcuar dh\u00ebmb\u00ebt edhe kocet. M\u00ebnyr\u00eb p\u00ebr p\u00ebrgatitur: 3-4 lug\u00eb uj\u00eb t\u00eb ngroht\u00eb dhe qum\u00ebsht sipas d\u00ebshir\u00ebs.<\/p>\n","protected":false},"excerpt":{"rendered":"<p>Kapu\u00e7ino p\u00ebr f\u00ebmij\u00eb(n\u00eb pako 100g) I pasur n\u00eb kalcium me t\u00eb cilen g\u00ebzohen t\u00eb rinjt\u00eb. kjo pije p\u00ebr f\u00ebmije me shije te mrekullueshme i ndihmon f\u00ebmij\u00ebt p\u00ebr t\u00eb forcuar dh\u00ebmb\u00ebt edhe kocet. M\u00ebnyr\u00eb p\u00ebr p\u00ebrgatitur: 3-4 lug\u00eb uj\u00eb t\u00eb ngroht\u00eb dhe qum\u00ebsht sipas d\u00ebshir\u00ebs.<\/p>\n","protected":false},"author":1,"featured_media":0,"parent":455,"menu_order":2,"comment_status":"open","ping_status":"open","template":"page-full.php","meta":{"footnotes":""},"class_list":["post-463","page","type-page","status-publish","hentry"],"_links":{"self":[{"href":"https:\/\/elittecaffe.com\/sq\/wp-json\/wp\/v2\/pages\/463","targetHints":{"allow":["GET"]}}],"collection":[{"href":"https:\/\/elittecaffe.com\/sq\/wp-json\/wp\/v2\/pages"}],"about":[{"href":"https:\/\/elittecaffe.com\/sq\/wp-json\/wp\/v2\/types\/page"}],"author":[{"embeddable":true,"href":"https:\/\/elittecaffe.com\/sq\/wp-json\/wp\/v2\/users\/1"}],"replies":[{"embeddable":true,"href":"https:\/\/elittecaffe.com\/sq\/wp-json\/wp\/v2\/comments?post=463"}],"version-history":[{"count":8,"href":"https:\/\/elittecaffe.com\/sq\/wp-json\/wp\/v2\/pages\/463\/revisions"}],"predecessor-version":[{"id":1000,"href":"https:\/\/elittecaffe.com\/sq\/wp-json\/wp\/v2\/pages\/463\/revisions\/1000"}],"up":[{"embeddable":true,"href":"https:\/\/elittecaffe.com\/sq\/wp-json\/wp\/v2\/pages\/455"}],"wp:attachment":[{"href":"https:\/\/elittecaffe.com\/sq\/wp-json\/wp\/v2\/media?parent=463"}],"curies":[{"name":"wp","href":"https:\/\/api.w.org\/{rel}","templated":true}]}}