{"id":459,"date":"2013-09-23T06:57:11","date_gmt":"2013-09-23T06:57:11","guid":{"rendered":"http:\/\/web1business.com\/elit\/?page_id=459"},"modified":"2013-11-20T08:56:59","modified_gmt":"2013-11-20T08:56:59","slug":"kapucino-classic","status":"publish","type":"page","link":"https:\/\/elittecaffe.com\/sq\/produkte\/kapucino\/kapucino-classic\/","title":{"rendered":"Kapu\u00e7ino Classic"},"content":{"rendered":"<p><img loading=\"lazy\" decoding=\"async\" class=\"alignnone  wp-image-531\" alt=\"capucino\" src=\"http:\/\/web1business.com\/elit\/wp-content\/uploads\/2013\/09\/capucino.jpg\" width=\"576\" height=\"360\" srcset=\"https:\/\/elittecaffe.com\/wp-content\/uploads\/2013\/09\/capucino.jpg 1600w, https:\/\/elittecaffe.com\/wp-content\/uploads\/2013\/09\/capucino-988x617.jpg 988w\" sizes=\"auto, (max-width: 576px) 100vw, 576px\" \/><\/p>\n<p class=\"txx1\">\n<p class=\"tx1\">Kapu\u00e7in Classic (n\u00eb pako 100g)<\/br><br \/>\nI p\u00ebrsosur, me arome te mrekulluar,  me shkum\u00eb i but\u00eb kapu\u00e7in shije. Q\u00eb t\u00eb g\u00ebzojn\u00eb \u00e7do koh\u00eb q\u00eb ju d\u00ebshironi p\u00ebr t\u00eb lejuar &#8220;Elite Kapu\u00e7in&#8221;) <\/p>\n","protected":false},"excerpt":{"rendered":"<p>Kapu\u00e7in Classic (n\u00eb pako 100g) I p\u00ebrsosur, me arome te mrekulluar, me shkum\u00eb i but\u00eb kapu\u00e7in shije. Q\u00eb t\u00eb g\u00ebzojn\u00eb \u00e7do koh\u00eb q\u00eb ju d\u00ebshironi p\u00ebr t\u00eb lejuar &#8220;Elite Kapu\u00e7in&#8221;)<\/p>\n","protected":false},"author":1,"featured_media":0,"parent":455,"menu_order":1,"comment_status":"open","ping_status":"open","template":"page-full.php","meta":{"footnotes":""},"class_list":["post-459","page","type-page","status-publish","hentry"],"_links":{"self":[{"href":"https:\/\/elittecaffe.com\/sq\/wp-json\/wp\/v2\/pages\/459","targetHints":{"allow":["GET"]}}],"collection":[{"href":"https:\/\/elittecaffe.com\/sq\/wp-json\/wp\/v2\/pages"}],"about":[{"href":"https:\/\/elittecaffe.com\/sq\/wp-json\/wp\/v2\/types\/page"}],"author":[{"embeddable":true,"href":"https:\/\/elittecaffe.com\/sq\/wp-json\/wp\/v2\/users\/1"}],"replies":[{"embeddable":true,"href":"https:\/\/elittecaffe.com\/sq\/wp-json\/wp\/v2\/comments?post=459"}],"version-history":[{"count":6,"href":"https:\/\/elittecaffe.com\/sq\/wp-json\/wp\/v2\/pages\/459\/revisions"}],"predecessor-version":[{"id":993,"href":"https:\/\/elittecaffe.com\/sq\/wp-json\/wp\/v2\/pages\/459\/revisions\/993"}],"up":[{"embeddable":true,"href":"https:\/\/elittecaffe.com\/sq\/wp-json\/wp\/v2\/pages\/455"}],"wp:attachment":[{"href":"https:\/\/elittecaffe.com\/sq\/wp-json\/wp\/v2\/media?parent=459"}],"curies":[{"name":"wp","href":"https:\/\/api.w.org\/{rel}","templated":true}]}}