{"id":447,"date":"2013-09-23T06:50:10","date_gmt":"2013-09-23T06:50:10","guid":{"rendered":"http:\/\/web1business.com\/elit\/?page_id=447"},"modified":"2013-11-20T08:36:44","modified_gmt":"2013-11-20T08:36:44","slug":"vip","status":"publish","type":"page","link":"https:\/\/elittecaffe.com\/sq\/produkte\/vip\/","title":{"rendered":"Vip"},"content":{"rendered":"<p><img loading=\"lazy\" decoding=\"async\" class=\"alignnone  wp-image-526\" alt=\"vip\" src=\"http:\/\/web1business.com\/elit\/wp-content\/uploads\/2013\/09\/vip.jpg\" width=\"576\" height=\"360\" srcset=\"https:\/\/elittecaffe.com\/wp-content\/uploads\/2013\/09\/vip.jpg 1600w, https:\/\/elittecaffe.com\/wp-content\/uploads\/2013\/09\/vip-988x617.jpg 988w\" sizes=\"auto, (max-width: 576px) 100vw, 576px\" \/><\/p>\n<p class=\"txx\">\n<p class=\"tx\">VIP (n\u00eb paketime 100gr\/200gr)<\/br><br \/>\nKafe VIP \u00ebsht\u00eb e p\u00ebrshtatshmet p\u00ebr konsumator\u00ebt maqedonas, me arom\u00eb dominuara t\u00eb kafes braziliane dhe indiane me forc\u00eb m\u00eb t\u00eb lehte se sa n\u00eb aspektin e &#8220;kafe Elite&#8221; q\u00eb lejon konsumator\u00ebt t\u00eb konsumojn\u00eb dhe m\u00eb shum\u00eb her\u00eb n\u00eb dit\u00eb.<\/p>\n","protected":false},"excerpt":{"rendered":"<p>VIP (n\u00eb paketime 100gr\/200gr) Kafe VIP \u00ebsht\u00eb e p\u00ebrshtatshmet p\u00ebr konsumator\u00ebt maqedonas, me arom\u00eb dominuara t\u00eb kafes braziliane dhe indiane me forc\u00eb m\u00eb t\u00eb lehte se sa n\u00eb aspektin e &#8220;kafe Elite&#8221; q\u00eb lejon konsumator\u00ebt t\u00eb konsumojn\u00eb dhe m\u00eb shum\u00eb her\u00eb n\u00eb dit\u00eb.<\/p>\n","protected":false},"author":1,"featured_media":0,"parent":334,"menu_order":2,"comment_status":"open","ping_status":"open","template":"page-full.php","meta":{"footnotes":""},"class_list":["post-447","page","type-page","status-publish","hentry"],"_links":{"self":[{"href":"https:\/\/elittecaffe.com\/sq\/wp-json\/wp\/v2\/pages\/447","targetHints":{"allow":["GET"]}}],"collection":[{"href":"https:\/\/elittecaffe.com\/sq\/wp-json\/wp\/v2\/pages"}],"about":[{"href":"https:\/\/elittecaffe.com\/sq\/wp-json\/wp\/v2\/types\/page"}],"author":[{"embeddable":true,"href":"https:\/\/elittecaffe.com\/sq\/wp-json\/wp\/v2\/users\/1"}],"replies":[{"embeddable":true,"href":"https:\/\/elittecaffe.com\/sq\/wp-json\/wp\/v2\/comments?post=447"}],"version-history":[{"count":6,"href":"https:\/\/elittecaffe.com\/sq\/wp-json\/wp\/v2\/pages\/447\/revisions"}],"predecessor-version":[{"id":984,"href":"https:\/\/elittecaffe.com\/sq\/wp-json\/wp\/v2\/pages\/447\/revisions\/984"}],"up":[{"embeddable":true,"href":"https:\/\/elittecaffe.com\/sq\/wp-json\/wp\/v2\/pages\/334"}],"wp:attachment":[{"href":"https:\/\/elittecaffe.com\/sq\/wp-json\/wp\/v2\/media?parent=447"}],"curies":[{"name":"wp","href":"https:\/\/api.w.org\/{rel}","templated":true}]}}