{"id":442,"date":"2013-09-23T06:48:38","date_gmt":"2013-09-23T06:48:38","guid":{"rendered":"http:\/\/web1business.com\/elit\/?page_id=442"},"modified":"2013-11-20T08:16:24","modified_gmt":"2013-11-20T08:16:24","slug":"elite-%d0%b5xclusive","status":"publish","type":"page","link":"https:\/\/elittecaffe.com\/sq\/produkte\/elit\/elite-%d0%b5xclusive\/","title":{"rendered":"Elite \u0435xclusive"},"content":{"rendered":"<p><img loading=\"lazy\" decoding=\"async\" class=\"alignnone  wp-image-524\" alt=\"belo\" src=\"http:\/\/web1business.com\/elit\/wp-content\/uploads\/2013\/09\/belo.jpg\" width=\"576\" height=\"360\" srcset=\"https:\/\/elittecaffe.com\/wp-content\/uploads\/2013\/09\/belo.jpg 1600w, https:\/\/elittecaffe.com\/wp-content\/uploads\/2013\/09\/belo-988x617.jpg 988w\" sizes=\"auto, (max-width: 576px) 100vw, 576px\" \/><\/p>\n<p class=\"txx\">\n<p class=\"tx\">Elite Ekskluzive (n\u00eb paketime 100gr\/200gr\/450gr)<\/br><br \/>\nP\u00ebr dashamir\u00ebt e arom\u00eb t\u00eb pasur dhe shije t\u00eb fuqishme q\u00eb do t\u00eb l\u00ebviz\u00eb n\u00eb \u00e7do moment. E krijuar nga kafe t\u00eb p\u00ebrzgjedhura t\u00eb p\u00ebrpunuara n\u00eb teknologjin\u00eb t\u00eb re.<\/p>\n","protected":false},"excerpt":{"rendered":"<p>Elite Ekskluzive (n\u00eb paketime 100gr\/200gr\/450gr) P\u00ebr dashamir\u00ebt e arom\u00eb t\u00eb pasur dhe shije t\u00eb fuqishme q\u00eb do t\u00eb l\u00ebviz\u00eb n\u00eb \u00e7do moment. E krijuar nga kafe t\u00eb p\u00ebrzgjedhura t\u00eb p\u00ebrpunuara n\u00eb teknologjin\u00eb t\u00eb re.<\/p>\n","protected":false},"author":1,"featured_media":0,"parent":413,"menu_order":3,"comment_status":"open","ping_status":"open","template":"page-full.php","meta":{"footnotes":""},"class_list":["post-442","page","type-page","status-publish","hentry"],"_links":{"self":[{"href":"https:\/\/elittecaffe.com\/sq\/wp-json\/wp\/v2\/pages\/442","targetHints":{"allow":["GET"]}}],"collection":[{"href":"https:\/\/elittecaffe.com\/sq\/wp-json\/wp\/v2\/pages"}],"about":[{"href":"https:\/\/elittecaffe.com\/sq\/wp-json\/wp\/v2\/types\/page"}],"author":[{"embeddable":true,"href":"https:\/\/elittecaffe.com\/sq\/wp-json\/wp\/v2\/users\/1"}],"replies":[{"embeddable":true,"href":"https:\/\/elittecaffe.com\/sq\/wp-json\/wp\/v2\/comments?post=442"}],"version-history":[{"count":7,"href":"https:\/\/elittecaffe.com\/sq\/wp-json\/wp\/v2\/pages\/442\/revisions"}],"predecessor-version":[{"id":975,"href":"https:\/\/elittecaffe.com\/sq\/wp-json\/wp\/v2\/pages\/442\/revisions\/975"}],"up":[{"embeddable":true,"href":"https:\/\/elittecaffe.com\/sq\/wp-json\/wp\/v2\/pages\/413"}],"wp:attachment":[{"href":"https:\/\/elittecaffe.com\/sq\/wp-json\/wp\/v2\/media?parent=442"}],"curies":[{"name":"wp","href":"https:\/\/api.w.org\/{rel}","templated":true}]}}