{"id":439,"date":"2013-09-23T06:47:17","date_gmt":"2013-09-23T06:47:17","guid":{"rendered":"http:\/\/web1business.com\/elit\/?page_id=439"},"modified":"2013-11-20T08:05:03","modified_gmt":"2013-11-20T08:05:03","slug":"elit-e-gjelber","status":"publish","type":"page","link":"https:\/\/elittecaffe.com\/sq\/produkte\/elit\/elit-e-gjelber\/","title":{"rendered":"Elit e gjelb\u00ebrt"},"content":{"rendered":"<p><img loading=\"lazy\" decoding=\"async\" class=\"alignnone  wp-image-522\" alt=\"zeleno\" src=\"http:\/\/web1business.com\/elit\/wp-content\/uploads\/2013\/09\/zeleno.jpg\" width=\"576\" height=\"360\" srcset=\"https:\/\/elittecaffe.com\/wp-content\/uploads\/2013\/09\/zeleno.jpg 1600w, https:\/\/elittecaffe.com\/wp-content\/uploads\/2013\/09\/zeleno-988x617.jpg 988w\" sizes=\"auto, (max-width: 576px) 100vw, 576px\" \/><\/p>\n<p class=\"txx\">\n<p class=\"tx\">Elite e Gjelb\u00ebrt (n\u00eb 100gr\/200gr paketime)<\/br><br \/>\nFaliminderimi i p\u00ebrzierjeve t\u00eb ve\u00e7ant\u00eb e kafes nga llojet m\u00eb t\u00eb mir\u00ebn Arabice dhe m\u00ebnyra e krijuara me teknologjin\u00eb te re, kafe Elit e gjelb\u00ebrt \u00ebsht\u00eb e preferuar nga konsumator\u00ebve tan<\/p>\n","protected":false},"excerpt":{"rendered":"<p>Elite e Gjelb\u00ebrt (n\u00eb 100gr\/200gr paketime) Faliminderimi i p\u00ebrzierjeve t\u00eb ve\u00e7ant\u00eb e kafes nga llojet m\u00eb t\u00eb mir\u00ebn Arabice dhe m\u00ebnyra e krijuara me teknologjin\u00eb te re, kafe Elit e gjelb\u00ebrt \u00ebsht\u00eb e preferuar nga konsumator\u00ebve tan<\/p>\n","protected":false},"author":1,"featured_media":0,"parent":413,"menu_order":2,"comment_status":"open","ping_status":"open","template":"page-full.php","meta":{"footnotes":""},"class_list":["post-439","page","type-page","status-publish","hentry"],"_links":{"self":[{"href":"https:\/\/elittecaffe.com\/sq\/wp-json\/wp\/v2\/pages\/439","targetHints":{"allow":["GET"]}}],"collection":[{"href":"https:\/\/elittecaffe.com\/sq\/wp-json\/wp\/v2\/pages"}],"about":[{"href":"https:\/\/elittecaffe.com\/sq\/wp-json\/wp\/v2\/types\/page"}],"author":[{"embeddable":true,"href":"https:\/\/elittecaffe.com\/sq\/wp-json\/wp\/v2\/users\/1"}],"replies":[{"embeddable":true,"href":"https:\/\/elittecaffe.com\/sq\/wp-json\/wp\/v2\/comments?post=439"}],"version-history":[{"count":6,"href":"https:\/\/elittecaffe.com\/sq\/wp-json\/wp\/v2\/pages\/439\/revisions"}],"predecessor-version":[{"id":970,"href":"https:\/\/elittecaffe.com\/sq\/wp-json\/wp\/v2\/pages\/439\/revisions\/970"}],"up":[{"embeddable":true,"href":"https:\/\/elittecaffe.com\/sq\/wp-json\/wp\/v2\/pages\/413"}],"wp:attachment":[{"href":"https:\/\/elittecaffe.com\/sq\/wp-json\/wp\/v2\/media?parent=439"}],"curies":[{"name":"wp","href":"https:\/\/api.w.org\/{rel}","templated":true}]}}