{"id":417,"date":"2013-09-23T06:17:34","date_gmt":"2013-09-23T06:17:34","guid":{"rendered":"http:\/\/web1business.com\/elit\/?page_id=417"},"modified":"2013-11-20T07:55:29","modified_gmt":"2013-11-20T07:55:29","slug":"elit-e-kuqe","status":"publish","type":"page","link":"https:\/\/elittecaffe.com\/sq\/produkte\/elit\/elit-e-kuqe\/","title":{"rendered":"Elit e kuqe"},"content":{"rendered":"<p><img loading=\"lazy\" decoding=\"async\" class=\"alignnone  wp-image-518\" alt=\"crveno\" src=\"http:\/\/web1business.com\/elit\/wp-content\/uploads\/2013\/09\/crveno.jpg\" width=\"576\" height=\"360\" srcset=\"https:\/\/elittecaffe.com\/wp-content\/uploads\/2013\/09\/crveno.jpg 1600w, https:\/\/elittecaffe.com\/wp-content\/uploads\/2013\/09\/crveno-988x617.jpg 988w\" sizes=\"auto, (max-width: 576px) 100vw, 576px\" \/><\/p>\n<p class=\"txx\">\n<p class=\"tx\">Elite e Kuq (n\u00eb 100gr\/200gr\/500gr paketime)<\/br><br \/>\nP\u00ebrzierje ekskluzive dhe p\u00ebrzierje origjinale e kafes i pjekur dhe terren me cil\u00ebsin\u00eb m\u00eb t\u00eb lart\u00eb t\u00eb varieteteve t\u00eb zgjedhura me kujdes e kafe n\u00eb raport ideal dhe t\u00eb prodhuara me teknologji t\u00eb larte e cila garanton shije t\u00eb ve\u00e7ant\u00eb dhe aroma e kafes\u00eb Elite<\/p>\n","protected":false},"excerpt":{"rendered":"<p>Elite e Kuq (n\u00eb 100gr\/200gr\/500gr paketime) P\u00ebrzierje ekskluzive dhe p\u00ebrzierje origjinale e kafes i pjekur dhe terren me cil\u00ebsin\u00eb m\u00eb t\u00eb lart\u00eb t\u00eb varieteteve t\u00eb zgjedhura me kujdes e kafe n\u00eb raport ideal dhe t\u00eb prodhuara me teknologji t\u00eb larte e cila garanton shije t\u00eb ve\u00e7ant\u00eb dhe aroma e kafes\u00eb Elite<\/p>\n","protected":false},"author":1,"featured_media":0,"parent":413,"menu_order":1,"comment_status":"open","ping_status":"open","template":"page-full.php","meta":{"footnotes":""},"class_list":["post-417","page","type-page","status-publish","hentry"],"_links":{"self":[{"href":"https:\/\/elittecaffe.com\/sq\/wp-json\/wp\/v2\/pages\/417","targetHints":{"allow":["GET"]}}],"collection":[{"href":"https:\/\/elittecaffe.com\/sq\/wp-json\/wp\/v2\/pages"}],"about":[{"href":"https:\/\/elittecaffe.com\/sq\/wp-json\/wp\/v2\/types\/page"}],"author":[{"embeddable":true,"href":"https:\/\/elittecaffe.com\/sq\/wp-json\/wp\/v2\/users\/1"}],"replies":[{"embeddable":true,"href":"https:\/\/elittecaffe.com\/sq\/wp-json\/wp\/v2\/comments?post=417"}],"version-history":[{"count":7,"href":"https:\/\/elittecaffe.com\/sq\/wp-json\/wp\/v2\/pages\/417\/revisions"}],"predecessor-version":[{"id":966,"href":"https:\/\/elittecaffe.com\/sq\/wp-json\/wp\/v2\/pages\/417\/revisions\/966"}],"up":[{"embeddable":true,"href":"https:\/\/elittecaffe.com\/sq\/wp-json\/wp\/v2\/pages\/413"}],"wp:attachment":[{"href":"https:\/\/elittecaffe.com\/sq\/wp-json\/wp\/v2\/media?parent=417"}],"curies":[{"name":"wp","href":"https:\/\/api.w.org\/{rel}","templated":true}]}}