{"id":329,"date":"2013-09-17T12:05:11","date_gmt":"2013-09-17T12:05:11","guid":{"rendered":"http:\/\/web1business.com\/elit\/?page_id=329"},"modified":"2013-09-27T08:05:38","modified_gmt":"2013-09-27T08:05:38","slug":"per-ne","status":"publish","type":"page","link":"https:\/\/elittecaffe.com\/sq\/per-ne\/","title":{"rendered":"P\u00ebr Ne"},"content":{"rendered":"<p>Rojtem atje q\u00eb nga viti 1991, kur kemi filluar me shumic\u00eb t\u00eb produkteve ushqimore dhe mallrave t\u00eb konsumit. Rritja Kontinuiraniot i kompanis\u00eb \u00ebsht\u00eb angazhimi yn\u00eb. Q\u00eb prej formimit dhe deri tani kompania ka rritur me rritjen e qarkullimit vit nga 15-25% \u00e7do vit. Markat tona jan\u00eb: ellit caffe, Vip, caffe Rival! dhe n\u00eb vitin 2010 zbatoi standardin e NSSR.<\/p>\n<p>Misioni yn\u00eb \u00ebsht\u00eb: q\u00eb t\u00eb ju ofrojn\u00eb produkt perfekt q\u00eb do t\u00eb b\u00ebhet pjes\u00eb e produktit tuaj t\u00eb p\u00ebrditshme q\u00eb nuk do t\u00eb largohet nga ju indiferent. Ne ishim n\u00eb k\u00ebrkim t\u00eb nj\u00eb sfide dhe kemi marr\u00eb at\u00eb p\u00ebr klient\u00ebt ie ton\u00eb konsumator\u00ebt aktuale kafe. Ju na dha besimin tuaj ne ofrojm\u00eb kafe p\u00ebr t\u00eb gjitha shijet tuaja. Vendosni nj\u00eb q\u00ebllim t\u00eb lart\u00eb q\u00eb k\u00ebrkon pun\u00eb t\u00eb vazhdueshme. Ne jemi t\u00eb gatsh\u00ebm.<\/p>\n","protected":false},"excerpt":{"rendered":"<p>Rojtem atje q\u00eb nga viti 1991, kur kemi filluar me shumic\u00eb t\u00eb produkteve ushqimore dhe mallrave t\u00eb konsumit. Rritja Kontinuiraniot i kompanis\u00eb \u00ebsht\u00eb angazhimi yn\u00eb. Q\u00eb prej formimit dhe deri tani kompania ka rritur me rritjen e qarkullimit vit nga 15-25% \u00e7do vit. Markat tona jan\u00eb: ellit caffe, Vip, caffe Rival! dhe n\u00eb vitin 2010 zbatoi standardin e NSSR. Misioni &#8230;<\/p>\n","protected":false},"author":1,"featured_media":0,"parent":0,"menu_order":2,"comment_status":"open","ping_status":"open","template":"page-full.php","meta":{"footnotes":""},"class_list":["post-329","page","type-page","status-publish","hentry"],"_links":{"self":[{"href":"https:\/\/elittecaffe.com\/sq\/wp-json\/wp\/v2\/pages\/329","targetHints":{"allow":["GET"]}}],"collection":[{"href":"https:\/\/elittecaffe.com\/sq\/wp-json\/wp\/v2\/pages"}],"about":[{"href":"https:\/\/elittecaffe.com\/sq\/wp-json\/wp\/v2\/types\/page"}],"author":[{"embeddable":true,"href":"https:\/\/elittecaffe.com\/sq\/wp-json\/wp\/v2\/users\/1"}],"replies":[{"embeddable":true,"href":"https:\/\/elittecaffe.com\/sq\/wp-json\/wp\/v2\/comments?post=329"}],"version-history":[{"count":2,"href":"https:\/\/elittecaffe.com\/sq\/wp-json\/wp\/v2\/pages\/329\/revisions"}],"predecessor-version":[{"id":574,"href":"https:\/\/elittecaffe.com\/sq\/wp-json\/wp\/v2\/pages\/329\/revisions\/574"}],"wp:attachment":[{"href":"https:\/\/elittecaffe.com\/sq\/wp-json\/wp\/v2\/media?parent=329"}],"curies":[{"name":"wp","href":"https:\/\/api.w.org\/{rel}","templated":true}]}}